

{"id":542,"date":"2023-08-11T13:11:23","date_gmt":"2023-08-11T13:11:23","guid":{"rendered":"https:\/\/digital-earth-solutions.com\/terminos-y-condiciones\/"},"modified":"2024-02-08T16:58:57","modified_gmt":"2024-02-08T16:58:57","slug":"terminos-y-condiciones","status":"publish","type":"page","link":"https:\/\/digital-earth-solutions.com\/es\/terminos-y-condiciones\/","title":{"rendered":"T\u00e9rminos y Condiciones"},"content":{"rendered":"<h2><strong>T\u00e9rminos y Condiciones de uso del sitio web https:\/\/digital-earth-solutions.com\/<\/strong><\/h2>\n<p>Los presentes Terminos y Condiciones regulan el uso por su parte (&#8220;el Usuario&#8221;) del sitio web de Digital Earth Solutions S.L. (&#8220;Proveedor&#8221;) ubicado en el nombre de dominio https:\/\/digital-earth-solutions.com\/ (&#8220;el Sitio Web&#8221;). Al acceder y utilizar el Sitio Web, el Usuario acepta quedar vinculado por los T\u00e9rminos y Condiciones establecidos en el presente aviso legal. El Usuario no podr\u00e1 acceder, mostrar, utilizar, descargar y\/o copiar o distribuir de cualquier otro modo el Contenido obtenido en el sitio web para fines de marketing y otros fines sin el consentimiento del Proveedor.<\/p>\n<h2><strong>Comunicaciones electr\u00f3nicas<\/strong><\/h2>\n<p>Al utilizar este Sitio Web o comunicarse con el Proveedor por medios electr\u00f3nicos, el Usuario consiente y reconoce que todos y cada uno de los acuerdos, notificaciones, divulgaciones o cualquier otra comunicaci\u00f3n satisfacen cualquier requisito legal, incluido, entre otros, el requisito de que dicha comunicaci\u00f3n se realice por escrito.<\/p>\n<h2>Plan de Igualdad de G\u00e9nero<\/h2>\n<p>Digital Earth Solutions S.L. se compromete a fomentar la igualdad de g\u00e9nero, garantizar la igualdad de oportunidades y eliminar la discriminaci\u00f3n en nuestro lugar de trabajo. Este plan se ajusta a la normativa de la UE y demuestra nuestra dedicaci\u00f3n a la creaci\u00f3n de un entorno inclusivo.<\/p>\n<p>Acciones clave<\/p>\n<ol>\n<li>Contrataci\u00f3n y progresi\u00f3n profesional: Garantizaremos que nuestras pr\u00e1cticas de contrataci\u00f3n y promoci\u00f3n profesional sean transparentes y justas, con el objetivo de lograr un equilibrio de g\u00e9nero en todos los niveles, especialmente en los puestos de liderazgo.<\/li>\n<li>Conciliaci\u00f3n de la vida laboral y familiar: DES apoya acuerdos de trabajo flexibles y pol\u00edticas de permiso parental para acomodar las diversas necesidades de nuestros empleados, promoviendo un equilibrio saludable entre trabajo y vida personal.<\/li>\n<li>Igualdad salarial: Estamos comprometidos con la igualdad de retribuci\u00f3n por el mismo trabajo. El DES llevar\u00e1 a cabo auditor\u00edas salariales bienales para abordar cualquier disparidad, garantizando la equidad en la compensaci\u00f3n entre g\u00e9neros.<\/li>\n<li>Sensibilizaci\u00f3n y formaci\u00f3n: Se celebrar\u00e1n breves talleres anuales para educar a nuestro equipo sobre la igualdad de g\u00e9nero y los prejuicios inconscientes, fomentando una cultura de inclusi\u00f3n y respeto.<\/li>\n<li>Prevenci\u00f3n del acoso: Se establecer\u00e1 un proceso claro y accesible para denunciar el acoso o la violencia de g\u00e9nero, garantizando un lugar de trabajo seguro para todos.<\/li>\n<\/ol>\n<p>Ejecuci\u00f3n<\/p>\n<ul>\n<li>Un miembro designado del equipo supervisar\u00e1 la ejecuci\u00f3n del plan, reduciendo la carga administrativa y centr\u00e1ndose en las acciones de impacto.<\/li>\n<li>Los avances se revisar\u00e1n cada dos a\u00f1os en reuniones de equipo, en las que se fomentar\u00e1 la retroalimentaci\u00f3n para perfeccionar y mejorar nuestro enfoque.<\/li>\n<\/ul>\n<p>Digital Earth Solutions se dedica a promover la igualdad de g\u00e9nero, reconociendo su importancia para impulsar la innovaci\u00f3n y el rendimiento. Nuestro plan es conciso, factible y est\u00e1 dise\u00f1ado para evolucionar con las necesidades de nuestra empresa y de la comunidad, garantizando que DES no s\u00f3lo cumpla las normas de la UE sobre igualdad de g\u00e9nero, sino que las supere.<\/p>\n","protected":false},"excerpt":{"rendered":"<p>T\u00e9rminos y Condiciones de uso del sitio web https:\/\/digital-earth-solutions.com\/ Los presentes Terminos y Condiciones regulan el uso por su parte (&#8220;el Usuario&#8221;) del sitio web de Digital Earth Solutions S.L. (&#8220;Proveedor&#8221;) ubicado en el nombre de dominio https:\/\/digital-earth-solutions.com\/ (&#8220;el Sitio Web&#8221;). Al acceder y utilizar el Sitio Web, el Usuario acepta quedar vinculado por los&#8230;  <a class=\"excerpt-read-more\" href=\"https:\/\/digital-earth-solutions.com\/es\/terminos-y-condiciones\/\" title=\"Read T\u00e9rminos y Condiciones\">Read more &raquo;<\/a><\/p>\n","protected":false},"author":1,"featured_media":0,"parent":0,"menu_order":0,"comment_status":"closed","ping_status":"closed","template":"page-legal.php","meta":{"om_disable_all_campaigns":false,"inline_featured_image":false,"_monsterinsights_skip_tracking":false,"_monsterinsights_sitenote_active":false,"_monsterinsights_sitenote_note":"","_monsterinsights_sitenote_category":0,"_uf_show_specific_survey":0,"_uf_disable_surveys":false,"footnotes":""},"class_list":["post-542","page","type-page","status-publish","hentry"],"acf":[],"aioseo_notices":[],"_links":{"self":[{"href":"https:\/\/digital-earth-solutions.com\/es\/wp-json\/wp\/v2\/pages\/542","targetHints":{"allow":["GET"]}}],"collection":[{"href":"https:\/\/digital-earth-solutions.com\/es\/wp-json\/wp\/v2\/pages"}],"about":[{"href":"https:\/\/digital-earth-solutions.com\/es\/wp-json\/wp\/v2\/types\/page"}],"author":[{"embeddable":true,"href":"https:\/\/digital-earth-solutions.com\/es\/wp-json\/wp\/v2\/users\/1"}],"replies":[{"embeddable":true,"href":"https:\/\/digital-earth-solutions.com\/es\/wp-json\/wp\/v2\/comments?post=542"}],"version-history":[{"count":4,"href":"https:\/\/digital-earth-solutions.com\/es\/wp-json\/wp\/v2\/pages\/542\/revisions"}],"predecessor-version":[{"id":644,"href":"https:\/\/digital-earth-solutions.com\/es\/wp-json\/wp\/v2\/pages\/542\/revisions\/644"}],"wp:attachment":[{"href":"https:\/\/digital-earth-solutions.com\/es\/wp-json\/wp\/v2\/media?parent=542"}],"curies":[{"name":"wp","href":"https:\/\/api.w.org\/{rel}","templated":true}]}}